{"id":167,"date":"2019-01-15T15:35:46","date_gmt":"2019-01-15T15:35:46","guid":{"rendered":"http:\/\/www.heydenmusic.com\/?page_id=167"},"modified":"2019-02-21T13:44:53","modified_gmt":"2019-02-21T13:44:53","slug":"impressum","status":"publish","type":"page","link":"https:\/\/www.heydenmusic.com\/index.php\/impressum\/","title":{"rendered":"IMPRESSUM"},"content":{"rendered":"<p>F\u00fcr diese Pr\u00e4sentation im Sinne des geltenden Rechts ist verantwortlich:<\/p>\n<p>Fred Heyden<br \/>\nEllerneck 67<br \/>\nD &#8211; 22149 Hamburg<br \/>\nTelefon 040 &#8211; 227 96 45<br \/>\nbooking@fredheyden.com<\/p>\n<p>Konzept: Monica M\u00fchlberg<\/p>\n<p>Umsetzung: Julia Kussius<\/p>\n<p>Haftungshinweis:<br \/>\nTrotz sorgf\u00e4ltiger inhaltlicher Kontrolle \u00fcbernehme ich keine Haftung f\u00fcr die Inhalte externer Links. F\u00fcr den Inhalt der verlinkten Seiten sind ausschlie\u00dflich deren Betreiber verantwortlich.<\/p>\n","protected":false},"excerpt":{"rendered":"<p>F\u00fcr diese Pr\u00e4sentation im Sinne des geltenden Rechts ist verantwortlich: Fred Heyden Ellerneck 67 D &#8211; 22149 Hamburg Telefon 040 &#8211; 227 96 45 booking@fredheyden.com Konzept: Monica M\u00fchlberg Umsetzung: Julia &#8230;<\/p>\n","protected":false},"author":1,"featured_media":0,"parent":0,"menu_order":0,"comment_status":"closed","ping_status":"closed","template":"","meta":[],"_links":{"self":[{"href":"https:\/\/www.heydenmusic.com\/index.php\/wp-json\/wp\/v2\/pages\/167"}],"collection":[{"href":"https:\/\/www.heydenmusic.com\/index.php\/wp-json\/wp\/v2\/pages"}],"about":[{"href":"https:\/\/www.heydenmusic.com\/index.php\/wp-json\/wp\/v2\/types\/page"}],"author":[{"embeddable":true,"href":"https:\/\/www.heydenmusic.com\/index.php\/wp-json\/wp\/v2\/users\/1"}],"replies":[{"embeddable":true,"href":"https:\/\/www.heydenmusic.com\/index.php\/wp-json\/wp\/v2\/comments?post=167"}],"version-history":[{"count":2,"href":"https:\/\/www.heydenmusic.com\/index.php\/wp-json\/wp\/v2\/pages\/167\/revisions"}],"predecessor-version":[{"id":254,"href":"https:\/\/www.heydenmusic.com\/index.php\/wp-json\/wp\/v2\/pages\/167\/revisions\/254"}],"wp:attachment":[{"href":"https:\/\/www.heydenmusic.com\/index.php\/wp-json\/wp\/v2\/media?parent=167"}],"curies":[{"name":"wp","href":"https:\/\/api.w.org\/{rel}","templated":true}]}}